{"id":194,"date":"2023-04-13T05:32:42","date_gmt":"2023-04-13T04:32:42","guid":{"rendered":"https:\/\/thebonusawards.com\/?page_id=194"},"modified":"2025-04-02T14:31:56","modified_gmt":"2025-04-02T13:31:56","slug":"medien-awards","status":"publish","type":"page","link":"https:\/\/thebonusawards.com\/de\/medien-awards\/","title":{"rendered":"DBA Medien Awards"},"content":{"rendered":"<p>[et_pb_section fb_built=&#8221;1&#8243; make_equal=&#8221;on&#8221; use_custom_gutter=&#8221;on&#8221; gutter_width=&#8221;1&#8243; specialty=&#8221;on&#8221; padding_top_1=&#8221;60px&#8221; padding_top_2=&#8221;0px&#8221; padding_bottom_1=&#8221;0px&#8221; padding_bottom_2=&#8221;0px&#8221; padding_left_1=&#8221;10%&#8221; padding_top_bottom_link_1=&#8221;false&#8221; padding_top_bottom_link_2=&#8221;false&#8221; padding_left_right_link_1=&#8221;false&#8221; padding_left_right_link_2=&#8221;false&#8221; disabled_on=&#8221;on|on|off&#8221; admin_label=&#8221;Feature Section&#8221; module_id=&#8221;mediaawards&#8221; module_class=&#8221; et_pb_specialty_fullwidth&#8221; _builder_version=&#8221;4.20.2&#8243; inner_width=&#8221;100%&#8221; inner_width_tablet=&#8221;100%&#8221; inner_width_phone=&#8221;&#8221; inner_width_last_edited=&#8221;on|desktop&#8221; inner_max_width=&#8221;100%&#8221; inner_max_width_tablet=&#8221;100%&#8221; inner_max_width_phone=&#8221;&#8221; inner_max_width_last_edited=&#8221;on|desktop&#8221; custom_margin=&#8221;|||&#8221; custom_padding=&#8221;0vw||0px||false|false&#8221; box_shadow_style=&#8221;preset7&#8243; box_shadow_horizontal=&#8221;0px&#8221; box_shadow_vertical=&#8221;100px&#8221; box_shadow_color=&#8221;#ffffff&#8221; make_fullwidth=&#8221;on&#8221; global_colors_info=&#8221;{}&#8221;][et_pb_column type=&#8221;1_2&#8243; specialty_columns=&#8221;2&#8243; _builder_version=&#8221;4.16&#8243; custom_padding=&#8221;|||&#8221; global_colors_info=&#8221;{}&#8221; custom_padding__hover=&#8221;|||&#8221;][et_pb_row_inner use_custom_gutter=&#8221;on&#8221; make_equal=&#8221;on&#8221; admin_label=&#8221;Feature Titile&#8221; _builder_version=&#8221;4.20.2&#8243; width_tablet=&#8221;100%&#8221; width_phone=&#8221;100%&#8221; width_last_edited=&#8221;on|phone&#8221; max_width=&#8221;75%&#8221; max_width_tablet=&#8221;90%&#8221; max_width_phone=&#8221;90%&#8221; max_width_last_edited=&#8221;on|phone&#8221; module_alignment=&#8221;left&#8221; custom_margin=&#8221;|||&#8221; custom_padding=&#8221;||3vw|||&#8221; locked=&#8221;off&#8221; global_colors_info=&#8221;{}&#8221;][et_pb_column_inner saved_specialty_column_type=&#8221;1_2&#8243; _builder_version=&#8221;4.16&#8243; custom_padding=&#8221;|||&#8221; global_colors_info=&#8221;{}&#8221; custom_padding__hover=&#8221;|||&#8221;][et_pb_text admin_label=&#8221;Title&#8221; _builder_version=&#8221;4.16&#8243; text_font=&#8221;Montserrat||||||||&#8221; text_text_color=&#8221;#747d88&#8243; text_font_size=&#8221;16px&#8221; text_line_height=&#8221;1.9em&#8221; header_font=&#8221;|700||on|||||&#8221; header_text_align=&#8221;left&#8221; header_text_color=&#8221;#000000&#8243; header_letter_spacing=&#8221;3px&#8221; header_line_height=&#8221;1.3em&#8221; header_2_font=&#8221;Poppins|700||on|||||&#8221; header_2_font_size=&#8221;30px&#8221; header_2_letter_spacing=&#8221;3px&#8221; header_2_line_height=&#8221;1.3em&#8221; max_width=&#8221;700px&#8221; module_alignment=&#8221;left&#8221; custom_margin=&#8221;|-217px|4px|||&#8221; custom_padding=&#8221;|0px|18px|||&#8221; animation_style=&#8221;slide&#8221; animation_direction=&#8221;bottom&#8221; animation_intensity_slide=&#8221;4%&#8221; locked=&#8221;off&#8221; global_colors_info=&#8221;{}&#8221;]<\/p>\n<h1 class=\"_04xlpA direction-ltr align-start para-style-body\"><span class=\"JsGRdQ\">DEUTSCHE BONUS <br \/>Medien Awards<br \/><\/span><\/h1>\n<p>[\/et_pb_text][et_pb_text _builder_version=&#8221;4.20.2&#8243; header_font=&#8221;||||||||&#8221; header_4_font=&#8221;Poppins|600|||||||&#8221; header_4_text_color=&#8221;#c8b17a&#8221; header_4_font_size=&#8221;19px&#8221; header_4_letter_spacing=&#8221;2px&#8221; custom_margin=&#8221;||4px|||&#8221; animation_style=&#8221;slide&#8221; animation_direction=&#8221;bottom&#8221; animation_delay=&#8221;100ms&#8221; animation_intensity_slide=&#8221;4%&#8221; global_colors_info=&#8221;{}&#8221;]<\/p>\n<h4><span class=\"JsGRdQ\">DIE STIMME DER MEDIEN<br \/><\/span><\/h4>\n<p>[\/et_pb_text][et_pb_text admin_label=&#8221;Subtitle&#8221; _builder_version=&#8221;4.20.2&#8243; text_font=&#8221;Open Sans||||||||&#8221; text_text_color=&#8221;#000000&#8243; text_font_size=&#8221;18px&#8221; text_line_height=&#8221;1.6em&#8221; header_font=&#8221;||||||||&#8221; max_width=&#8221;700px&#8221; module_alignment=&#8221;left&#8221; custom_margin=&#8221;||1px|||&#8221; custom_padding=&#8221;||20px|&#8221; animation_style=&#8221;slide&#8221; animation_direction=&#8221;bottom&#8221; animation_delay=&#8221;100ms&#8221; animation_intensity_slide=&#8221;4%&#8221; locked=&#8221;off&#8221; global_colors_info=&#8221;{}&#8221;]<\/p>\n<p class=\"_04xlpA direction-ltr align-start para-style-body\"><span class=\"S1PPyQ\" style=\"color: #000000; font-weight: 400; font-style: normal; text-decoration: none;\">Die Unternehmen mit der besten Kommunikation nach au\u00dfen werden zum dritten Mal durch den Deutschen Bonus Medien Award ausgezeichnet. Eine Gruppe namhafter Journalisten, die die Loyalit\u00e4tsbranche verfolgen, wird die Gewinner des Deutschen Bonus Medien Awards ausw\u00e4hlen.<\/span><\/p>\n<p>[\/et_pb_text][et_pb_text _builder_version=&#8221;4.20.2&#8243; header_font=&#8221;||||||||&#8221; header_4_font=&#8221;Poppins|600|||||||&#8221; header_4_text_color=&#8221;#000000&#8243; header_4_letter_spacing=&#8221;2px&#8221; min_height=&#8221;19px&#8221; custom_margin=&#8221;20px||||false|false&#8221; animation_style=&#8221;slide&#8221; animation_direction=&#8221;bottom&#8221; animation_delay=&#8221;100ms&#8221; animation_intensity_slide=&#8221;4%&#8221; global_colors_info=&#8221;{}&#8221;]<\/p>\n<h4><span class=\"JsGRdQ\">AWARD HAUPTKATEGORIE<br \/><\/span><\/h4>\n<p class=\"_04xlpA direction-ltr align-start para-style-body\">[\/et_pb_text][et_pb_blurb title=&#8221;Program&#8221; image=&#8221;http:\/\/thebonusawards.com\/wp-content\/uploads\/2023\/04\/Group-10-6.png&#8221; icon_placement=&#8221;left&#8221; image_icon_width=&#8221;45px&#8221; _builder_version=&#8221;4.20.2&#8243; _module_preset=&#8221;default&#8221; custom_margin=&#8221;20px||||false|false&#8221; global_colors_info=&#8221;{}&#8221;]<\/p>\n<p>Beste Kommunikationskampagne<\/p>\n<p>[\/et_pb_blurb][\/et_pb_column_inner][\/et_pb_row_inner][\/et_pb_column][et_pb_column type=&#8221;1_2&#8243; _builder_version=&#8221;4.16&#8243; custom_padding=&#8221;|||&#8221; global_colors_info=&#8221;{}&#8221; custom_padding__hover=&#8221;|||&#8221;][et_pb_image src=&#8221;http:\/\/thebonusawards.com\/wp-content\/uploads\/2023\/04\/media.jpg&#8221; title_text=&#8221;media&#8221; force_fullwidth=&#8221;on&#8221; align_tablet=&#8221;center&#8221; align_phone=&#8221;&#8221; align_last_edited=&#8221;on|desktop&#8221; _builder_version=&#8221;4.16&#8243; custom_margin=&#8221;|||&#8221; custom_padding=&#8221;|||&#8221; animation_style=&#8221;slide&#8221; animation_direction=&#8221;bottom&#8221; animation_intensity_slide=&#8221;6%&#8221; animation_starting_opacity=&#8221;100%&#8221; global_colors_info=&#8221;{}&#8221;]<br \/>\n[\/et_pb_image][\/et_pb_column][\/et_pb_section][et_pb_section fb_built=&#8221;1&#8243; _builder_version=&#8221;4.18.0&#8243; _module_preset=&#8221;default&#8221; custom_padding=&#8221;||50px||false|false&#8221; global_colors_info=&#8221;{}&#8221;][et_pb_row custom_padding_last_edited=&#8221;on|phone&#8221; _builder_version=&#8221;4.16&#8243; _module_preset=&#8221;default&#8221; custom_padding=&#8221;77px||21px||false|false&#8221; custom_padding_tablet=&#8221;&#8221; custom_padding_phone=&#8221;0px||0px||false|false&#8221; global_colors_info=&#8221;{}&#8221;][et_pb_column type=&#8221;4_4&#8243; _builder_version=&#8221;4.16&#8243; _module_preset=&#8221;default&#8221; global_colors_info=&#8221;{}&#8221;][et_pb_text _builder_version=&#8221;4.20.2&#8243; _module_preset=&#8221;default&#8221; custom_padding=&#8221;||0px|||&#8221; header_font_size_tablet=&#8221;&#8221; header_font_size_phone=&#8221;28px&#8221; header_font_size_last_edited=&#8221;on|phone&#8221; global_colors_info=&#8221;{}&#8221;]<\/p>\n<h1 style=\"text-align: center;\">BONUS MEDIEN AWARD JURY<\/h1>\n<p>[\/et_pb_text][\/et_pb_column][\/et_pb_row][et_pb_row column_structure=&#8221;1_2,1_2&#8243; _builder_version=&#8221;4.16&#8243; _module_preset=&#8221;default&#8221; custom_padding=&#8221;50px||||false|false&#8221; global_colors_info=&#8221;{}&#8221;][et_pb_column type=&#8221;1_2&#8243; _builder_version=&#8221;4.16&#8243; _module_preset=&#8221;default&#8221; global_colors_info=&#8221;{}&#8221;][et_pb_blurb title=&#8221;Kai B\u00f6cking&#8221; image=&#8221;http:\/\/thebonusawards.com\/wp-content\/uploads\/2023\/06\/Kai-Bocking-1-min.jpg&#8221; alt=&#8221;Kai Bo\u0308cking&#8221; _builder_version=&#8221;4.16&#8243; _module_preset=&#8221;default&#8221; body_font=&#8221;Open Sans||||||||&#8221; body_font_size=&#8221;16px&#8221; body_line_height=&#8221;1.8em&#8221; global_colors_info=&#8221;{}&#8221;]<\/p>\n<p>Jahr f\u00fcr Jahr ist der TV-Host und Producer f\u00fcr TV-Produktionen, das Magazin Business Traveller und privat rund 200 Tage unterwegs.\nAls Editor des Bleisure Traveller \u00a0stellt er online und im Print-Magazin spannende Metropolen und Destinationen vor, um den gesch\u00e4ftlichen Aufenthalt privat zu verl\u00e4ngern \u2013 oder um \u00fcber Tage und Wochen remote zu arbeiten und Auszeiten zu planen.\u00a0Und ganz nebenbei sammelt er Punkte und Meilen.<br \/>As editor of Bleisure Traveller, he presents exciting metropolises and destinations online and in the print magazine in order to extend his business stay privately &#8211; or to work remotely for days and weeks and plan time off. And he collects points and miles along the way.<\/p>\n<p>[\/et_pb_blurb][\/et_pb_column][et_pb_column type=&#8221;1_2&#8243; _builder_version=&#8221;4.16&#8243; _module_preset=&#8221;default&#8221; global_colors_info=&#8221;{}&#8221;][et_pb_blurb title=&#8221;Antje von Winterfeld&#8221; image=&#8221;http:\/\/thebonusawards.com\/wp-content\/uploads\/2024\/01\/Antje-1-min.png&#8221; alt=&#8221;Antje von Winterfeld&#8221; _builder_version=&#8221;4.20.2&#8243; _module_preset=&#8221;default&#8221; body_font=&#8221;Open Sans||||||||&#8221; body_font_size=&#8221;16px&#8221; body_line_height=&#8221;1.8em&#8221; global_colors_info=&#8221;{}&#8221;]<\/p>\n<p>Antje von Winterfeld ist Mitglied der Chefredaktion bei t-online und Bereichsleiterin der Ratgeber-Ressorts. Verbraucherfragen sind also ein wichtiger Bestandteil ihrer Arbeit. F\u00fcr t-online hat Antje auch den Content-Commerce-Bereich aufgebaut. Sie arbeitet seit 20 Jahren in verschiedenen Funktionen f\u00fcr Medienh\u00e4user (Axel Springer) sowie internationale E-Commerce-Firmen (u.a. Amazon), dabei war\/ist immer ihr wichtigstes Credo, die Bed\u00fcrfnisse der Leser\/Kunden in den Fokus zu stellen.<\/p>\n<p>[\/et_pb_blurb][\/et_pb_column][\/et_pb_row][et_pb_row column_structure=&#8221;1_2,1_2&#8243; _builder_version=&#8221;4.16&#8243; _module_preset=&#8221;default&#8221; custom_padding=&#8221;50px||||false|false&#8221; global_colors_info=&#8221;{}&#8221;][et_pb_column type=&#8221;1_2&#8243; _builder_version=&#8221;4.16&#8243; _module_preset=&#8221;default&#8221; global_colors_info=&#8221;{}&#8221;][et_pb_blurb title=&#8221;Peter Giesel&#8221; image=&#8221;http:\/\/thebonusawards.com\/wp-content\/uploads\/2024\/01\/Giesel-1-min.png&#8221; alt=&#8221;Giesel&#8221; _builder_version=&#8221;4.20.2&#8243; _module_preset=&#8221;default&#8221; body_font=&#8221;Open Sans||||||||&#8221; body_font_size=&#8221;16px&#8221; body_line_height=&#8221;1.8em&#8221; global_colors_info=&#8221;{}&#8221;]<\/p>\n<p>Reisen - aber sicher und ohne Touristenfallen. Seit zehn Jahren f\u00fchrt der TV-Moderator durch Deutschlands erfolgreichste Reise-Reportagesendung. \u201eAchtung Abzocke\u201c steht wie kaum eine andere Marke f\u00fcr ehrlichen und investigativen Verbraucherjournalismus. Bei knapp 200 Drehtagen im Jahr ist Giesel aber auch kritischer und aufmerksamer Gast und Loyality-Enthusiast.<\/p>\n<p>[\/et_pb_blurb][\/et_pb_column][et_pb_column type=&#8221;1_2&#8243; _builder_version=&#8221;4.20.2&#8243; _module_preset=&#8221;default&#8221; global_colors_info=&#8221;{}&#8221;][et_pb_blurb title=&#8221;Manuel Koch&#8221; image=&#8221;http:\/\/thebonusawards.com\/wp-content\/uploads\/2024\/01\/Manuel-1-min.png&#8221; alt=&#8221;Manuel Koch&#8221; _builder_version=&#8221;4.20.2&#8243; _module_preset=&#8221;default&#8221; body_font=&#8221;Open Sans||||||||&#8221; body_font_size=&#8221;16px&#8221; body_line_height=&#8221;1.8em&#8221; global_colors_info=&#8221;{}&#8221;]<\/p>\n<p>Der B\u00f6rsenexperte ist auf dem Parkett in Frankfurt und New York zu Hause. Seine Videos sind auf dem YouTube-Kanal Inside Wirtschaft und beim Handelsblatt zu sehen.<\/p>\n<p>[\/et_pb_blurb][\/et_pb_column][\/et_pb_row][et_pb_row column_structure=&#8221;1_2,1_2&#8243; _builder_version=&#8221;4.18.0&#8243; _module_preset=&#8221;default&#8221; custom_margin=&#8221;||50px||false|false&#8221; custom_padding=&#8221;50px||4px||false|false&#8221; global_colors_info=&#8221;{}&#8221;][et_pb_column type=&#8221;1_2&#8243; _builder_version=&#8221;4.16&#8243; _module_preset=&#8221;default&#8221; global_colors_info=&#8221;{}&#8221;][et_pb_blurb title=&#8221;Christoph Lausberg&#8221; image=&#8221;http:\/\/thebonusawards.com\/wp-content\/uploads\/2024\/01\/Christoph2-1-e1706656027773.jpeg&#8221; alt=&#8221;Moritz&#8221; _builder_version=&#8221;4.20.2&#8243; _module_preset=&#8221;default&#8221; body_font=&#8221;Open Sans||||||||&#8221; body_font_size=&#8221;16px&#8221; body_line_height=&#8221;1.8em&#8221; global_colors_info=&#8221;{}&#8221;]<\/p>\n<p>The frequent flyer is a professional for loyalty programs. He has been using and living dozens of them at the same time for almost 20 years now. In 2016, he founded Frankfurtflyer.de, the largest German-language portal for frequent travelers, and reaches over one million people every month with the topics of &#8220;flying, traveling and earning miles&#8221;.<\/p>\n<p>[\/et_pb_blurb][\/et_pb_column][et_pb_column type=&#8221;1_2&#8243; _builder_version=&#8221;4.16&#8243; _module_preset=&#8221;default&#8221; global_colors_info=&#8221;{}&#8221;][et_pb_blurb title=&#8221;Moritz Lindner&#8221; image=&#8221;http:\/\/thebonusawards.com\/wp-content\/uploads\/2024\/01\/Moritz-1-min.png&#8221; alt=&#8221;Moritz&#8221; _builder_version=&#8221;4.20.2&#8243; _module_preset=&#8221;default&#8221; body_font=&#8221;Open Sans||||||||&#8221; body_font_size=&#8221;16px&#8221; body_line_height=&#8221;1.8em&#8221; global_colors_info=&#8221;{}&#8221;]<\/p>\n<p>Moritz Lindner hat reisetopia im Jahr 2016 zusammen mit Freunden gegr\u00fcndet, die wie er eine Leidenschaft f\u00fcr Reisen der besonderen Art hatten. Mit einem ganz neuen Ansatz haben sie die Reiseszene innerhalb k\u00fcrzester Zeit ver\u00e4ndert - bis heute konnte Moritz mehrere hundert Fl\u00fcge und Luxushotels selbst erleben &amp; von seinen Erfahrungen berichten! Moritz Lindner lebt seinen Beruf und gilt trotz seines jungen Alters als der Experte f\u00fcr Business und First Class Fl\u00fcge sowie Luxushotels und deren Loyalty Programme. Seine Expertise und Begeisterung sind mehr als ansteckend.<\/p>\n<p>[\/et_pb_blurb][\/et_pb_column][\/et_pb_row][et_pb_row column_structure=&#8221;1_2,1_2&#8243; _builder_version=&#8221;4.18.0&#8243; _module_preset=&#8221;default&#8221; custom_margin=&#8221;||50px||false|false&#8221; custom_padding=&#8221;50px||4px||false|false&#8221; global_colors_info=&#8221;{}&#8221;][et_pb_column type=&#8221;1_2&#8243; _builder_version=&#8221;4.16&#8243; _module_preset=&#8221;default&#8221; global_colors_info=&#8221;{}&#8221;][et_pb_blurb title=&#8221;Ron Perduss&#8221; image=&#8221;http:\/\/thebonusawards.com\/wp-content\/uploads\/2023\/04\/Ron-Perduss_bild-online-7-1-min.jpg&#8221; alt=&#8221;Ron Perduss&#8221; _builder_version=&#8221;4.16&#8243; _module_preset=&#8221;default&#8221; body_font=&#8221;Open Sans||||||||&#8221; body_font_size=&#8221;16px&#8221; body_line_height=&#8221;1.8em&#8221; global_colors_info=&#8221;{}&#8221;]<\/p>\n<p>Aktuelle Urteile, neue Technik, neue Apps - komplizierte Sachverhalte bringt der Journalist und Verbraucherexperte auf den Punkt - f\u00fcr H\u00f6rfunk und TV.\nRon Perduss\u00a0ist als Verbraucherexperte regelm\u00e4ssig auf\u00a0RTL zu sehen und auf\u00a0105.5 Spreeradio Berlin, Antenne Th\u00fcringen und Radio Top40 zu h\u00f6ren.\nEr wei\u00df, worauf es bei Bonusprogrammen aus Sicht der Kundinnen und Kunden wirklich ankommt.<\/p>\n<p>[\/et_pb_blurb][\/et_pb_column][et_pb_column type=&#8221;1_2&#8243; _builder_version=&#8221;4.16&#8243; _module_preset=&#8221;default&#8221; global_colors_info=&#8221;{}&#8221;][et_pb_blurb title=&#8221;Michael Quandt&#8221; image=&#8221;http:\/\/thebonusawards.com\/wp-content\/uploads\/2023\/04\/Michael-Quandt-1-min.jpg&#8221; alt=&#8221;Michael Quandt&#8221; _builder_version=&#8221;4.20.2&#8243; _module_preset=&#8221;default&#8221; body_font=&#8221;Open Sans||||||||&#8221; body_font_size=&#8221;16px&#8221; body_line_height=&#8221;1.8em&#8221; global_colors_info=&#8221;{}&#8221;]<\/p>\n<p>Seit 32 Jahren ist Michael Quandt als Leitender Redakteur mit den Themenschwerpunkten Luftfahrt\/Reise\/Genuss bei\u00a0BILD und BamS t\u00e4tig.<\/p>\n<p>Der interessierte Nutzer vieler Bonusprogramme ist seit 2004 im Guinessbuch der Rekorde f\u00fcr die schnellste Weltumrundung mit Linienflugzeugen \u00fcber alle Kontinente notiert und schreibt \u00fcber Grill-Kulinarik und Reisen auf seinem Blog Food &amp; Glut.<\/p>\n<p>[\/et_pb_blurb][\/et_pb_column][\/et_pb_row][et_pb_row column_structure=&#8221;1_2,1_2&#8243; _builder_version=&#8221;4.18.0&#8243; _module_preset=&#8221;default&#8221; custom_margin=&#8221;||50px||false|false&#8221; custom_padding=&#8221;50px||4px||false|false&#8221; global_colors_info=&#8221;{}&#8221;][et_pb_column type=&#8221;1_2&#8243; _builder_version=&#8221;4.16&#8243; _module_preset=&#8221;default&#8221; global_colors_info=&#8221;{}&#8221;][\/et_pb_column][et_pb_column type=&#8221;1_2&#8243; _builder_version=&#8221;4.16&#8243; _module_preset=&#8221;default&#8221; global_colors_info=&#8221;{}&#8221;][\/et_pb_column][\/et_pb_row][\/et_pb_section]<\/p>","protected":false},"excerpt":{"rendered":"<p>GERMAN BONUS MEDIA AWARDTHE VOICE OF THE MEDIAThe companies with the best external communications will be honoured for the third time by the German Bonus Media Award. A group of renowned journalists who follow the loyalty industry will select the winners of the German Bonus Media Award.AWARD MAIN CATEGORY Best communication campaign BONUS MEDIA AWARD [&hellip;]<\/p>","protected":false},"author":2,"featured_media":0,"parent":0,"menu_order":0,"comment_status":"closed","ping_status":"closed","template":"","meta":{"_et_pb_use_builder":"on","_et_pb_old_content":"","_et_gb_content_width":"","content-type":"","footnotes":""},"dipi_cpt_category":[],"_links":{"self":[{"href":"https:\/\/thebonusawards.com\/de\/wp-json\/wp\/v2\/pages\/194"}],"collection":[{"href":"https:\/\/thebonusawards.com\/de\/wp-json\/wp\/v2\/pages"}],"about":[{"href":"https:\/\/thebonusawards.com\/de\/wp-json\/wp\/v2\/types\/page"}],"author":[{"embeddable":true,"href":"https:\/\/thebonusawards.com\/de\/wp-json\/wp\/v2\/users\/2"}],"replies":[{"embeddable":true,"href":"https:\/\/thebonusawards.com\/de\/wp-json\/wp\/v2\/comments?post=194"}],"version-history":[{"count":44,"href":"https:\/\/thebonusawards.com\/de\/wp-json\/wp\/v2\/pages\/194\/revisions"}],"predecessor-version":[{"id":26400,"href":"https:\/\/thebonusawards.com\/de\/wp-json\/wp\/v2\/pages\/194\/revisions\/26400"}],"wp:attachment":[{"href":"https:\/\/thebonusawards.com\/de\/wp-json\/wp\/v2\/media?parent=194"}],"wp:term":[{"taxonomy":"dipi_cpt_category","embeddable":true,"href":"https:\/\/thebonusawards.com\/de\/wp-json\/wp\/v2\/dipi_cpt_category?post=194"}],"curies":[{"name":"wp","href":"https:\/\/api.w.org\/{rel}","templated":true}]}}