{"id":256,"date":"2023-04-14T06:15:18","date_gmt":"2023-04-14T05:15:18","guid":{"rendered":"https:\/\/thebonusawards.com\/?page_id=256"},"modified":"2025-04-02T14:31:26","modified_gmt":"2025-04-02T13:31:26","slug":"vip-awards","status":"publish","type":"page","link":"https:\/\/thebonusawards.com\/de\/vip-awards\/","title":{"rendered":"DBA VIP Awards"},"content":{"rendered":"<p>[et_pb_section fb_built=&#8221;1&#8243; make_equal=&#8221;on&#8221; use_custom_gutter=&#8221;on&#8221; gutter_width=&#8221;1&#8243; specialty=&#8221;on&#8221; padding_top_1=&#8221;60px&#8221; padding_top_2=&#8221;0px&#8221; padding_bottom_2=&#8221;0px&#8221; padding_left_1=&#8221;10%&#8221; padding_top_bottom_link_1=&#8221;false&#8221; padding_top_bottom_link_2=&#8221;false&#8221; padding_left_right_link_1=&#8221;false&#8221; padding_left_right_link_2=&#8221;false&#8221; padding_1_tablet=&#8221;&#8221; padding_1_phone=&#8221;&#8221; padding_1_last_edited=&#8221;on|phone&#8221; disabled_on=&#8221;off|off|off&#8221; admin_label=&#8221;Feature Section&#8221; module_id=&#8221;kundenawards&#8221; module_class=&#8221; et_pb_specialty_fullwidth&#8221; _builder_version=&#8221;4.20.2&#8243; background_enable_color=&#8221;off&#8221; inner_width=&#8221;100%&#8221; inner_width_tablet=&#8221;100%&#8221; inner_width_phone=&#8221;&#8221; inner_width_last_edited=&#8221;on|desktop&#8221; inner_max_width=&#8221;100%&#8221; inner_max_width_tablet=&#8221;100%&#8221; inner_max_width_phone=&#8221;&#8221; inner_max_width_last_edited=&#8221;on|desktop&#8221; custom_margin=&#8221;|||&#8221; custom_padding=&#8221;0vw||0vw|||&#8221; box_shadow_style=&#8221;preset7&#8243; box_shadow_horizontal=&#8221;0px&#8221; box_shadow_vertical=&#8221;100px&#8221; box_shadow_color=&#8221;#ffffff&#8221; make_fullwidth=&#8221;on&#8221; locked=&#8221;off&#8221; global_colors_info=&#8221;{}&#8221;][et_pb_column type=&#8221;1_2&#8243; specialty_columns=&#8221;2&#8243; _builder_version=&#8221;4.16&#8243; custom_padding=&#8221;|||&#8221; global_colors_info=&#8221;{}&#8221; custom_padding__hover=&#8221;|||&#8221;][et_pb_row_inner use_custom_gutter=&#8221;on&#8221; make_equal=&#8221;on&#8221; admin_label=&#8221;Feature Titile&#8221; _builder_version=&#8221;4.20.2&#8243; width_tablet=&#8221;100%&#8221; width_phone=&#8221;100%&#8221; width_last_edited=&#8221;on|phone&#8221; max_width=&#8221;75%&#8221; max_width_tablet=&#8221;90%&#8221; max_width_phone=&#8221;90%&#8221; max_width_last_edited=&#8221;on|phone&#8221; module_alignment=&#8221;left&#8221; custom_margin=&#8221;|||&#8221; custom_padding=&#8221;||3vw|||&#8221; locked=&#8221;off&#8221; global_colors_info=&#8221;{}&#8221;][et_pb_column_inner saved_specialty_column_type=&#8221;1_2&#8243; _builder_version=&#8221;4.16&#8243; custom_padding=&#8221;|||&#8221; global_colors_info=&#8221;{}&#8221; custom_padding__hover=&#8221;|||&#8221;][et_pb_text admin_label=&#8221;Title&#8221; _builder_version=&#8221;4.16&#8243; text_font=&#8221;Montserrat||||||||&#8221; text_text_color=&#8221;#747d88&#8243; text_font_size=&#8221;16px&#8221; text_line_height=&#8221;1.9em&#8221; header_font=&#8221;|700||on|||||&#8221; header_text_align=&#8221;left&#8221; header_text_color=&#8221;#000000&#8243; header_letter_spacing=&#8221;3px&#8221; header_line_height=&#8221;1.3em&#8221; header_2_font=&#8221;Poppins|700||on|||||&#8221; header_2_font_size=&#8221;30px&#8221; header_2_letter_spacing=&#8221;3px&#8221; header_2_line_height=&#8221;1.3em&#8221; max_width=&#8221;700px&#8221; module_alignment=&#8221;left&#8221; custom_margin=&#8221;|-217px|4px|||&#8221; custom_padding=&#8221;|0px|18px|||&#8221; animation_style=&#8221;slide&#8221; animation_direction=&#8221;bottom&#8221; animation_intensity_slide=&#8221;4%&#8221; locked=&#8221;off&#8221; global_colors_info=&#8221;{}&#8221;]<\/p>\n<h1 class=\"_04xlpA direction-ltr align-start para-style-body\"><span class=\"JsGRdQ\">DEUTSCHE BONUS <br \/>VIP Awards<br \/><\/span><\/h1>\n<p>[\/et_pb_text][et_pb_text _builder_version=&#8221;4.20.2&#8243; header_font=&#8221;||||||||&#8221; header_4_font=&#8221;Poppins|600|||||||&#8221; header_4_text_color=&#8221;#c8b17a&#8221; header_4_font_size=&#8221;19px&#8221; header_4_letter_spacing=&#8221;2px&#8221; custom_margin=&#8221;||4px|||&#8221; animation_style=&#8221;slide&#8221; animation_direction=&#8221;bottom&#8221; animation_delay=&#8221;100ms&#8221; animation_intensity_slide=&#8221;4%&#8221; global_colors_info=&#8221;{}&#8221;]<\/p>\n<h4><span class=\"JsGRdQ\">DIE STIMME DER INFLUENCER<br \/><\/span><\/h4>\n<p>[\/et_pb_text][et_pb_text admin_label=&#8221;Subtitle&#8221; _builder_version=&#8221;4.20.2&#8243; text_font=&#8221;Open Sans||||||||&#8221; text_text_color=&#8221;#000000&#8243; text_font_size=&#8221;18px&#8221; text_line_height=&#8221;1.6em&#8221; header_font=&#8221;||||||||&#8221; max_width=&#8221;700px&#8221; module_alignment=&#8221;left&#8221; custom_margin=&#8221;||1px|||&#8221; custom_padding=&#8221;||20px|&#8221; animation_style=&#8221;slide&#8221; animation_direction=&#8221;bottom&#8221; animation_delay=&#8221;100ms&#8221; animation_intensity_slide=&#8221;4%&#8221; locked=&#8221;off&#8221; global_colors_info=&#8221;{}&#8221;]<\/p>\n<p class=\"_04xlpA direction-ltr align-start para-style-body\"><span class=\"S1PPyQ\" style=\"color: #000000; font-weight: 400; font-style: normal; text-decoration: none;\">Hot or Not. Zum zweiten Mal werden bei den Deutschen Bonus Awards die hipsten Programme geehrt. Eine Jury aus bekannten TV-Pers\u00f6nlichkeiten, K\u00fcnstlern, Sportlern und Influencern k\u00fcrt die trendigsten Newcomer.<\/span><\/p>\n<p>[\/et_pb_text][et_pb_text _builder_version=&#8221;4.20.2&#8243; header_font=&#8221;||||||||&#8221; header_4_font=&#8221;Poppins|600|||||||&#8221; header_4_text_color=&#8221;#000000&#8243; header_4_letter_spacing=&#8221;2px&#8221; min_height=&#8221;19px&#8221; custom_margin=&#8221;20px||||false|false&#8221; animation_style=&#8221;slide&#8221; animation_direction=&#8221;bottom&#8221; animation_delay=&#8221;100ms&#8221; animation_intensity_slide=&#8221;4%&#8221; global_colors_info=&#8221;{}&#8221;]<\/p>\n<h4><span class=\"JsGRdQ\">AWARD HAUPTKATEGORIE<br \/><\/span><\/h4>\n<p class=\"_04xlpA direction-ltr align-start para-style-body\">[\/et_pb_text][et_pb_blurb title=&#8221;Program&#8221; image=&#8221;http:\/\/thebonusawards.com\/wp-content\/uploads\/2023\/04\/Group-10-6.png&#8221; icon_placement=&#8221;left&#8221; image_icon_width=&#8221;45px&#8221; _builder_version=&#8221;4.20.2&#8243; _module_preset=&#8221;default&#8221; custom_margin=&#8221;20px||||false|false&#8221; global_colors_info=&#8221;{}&#8221;]<\/p>\n<p>Angesagtestes Programm des Jahres<\/p>\n<p>[\/et_pb_blurb][\/et_pb_column_inner][\/et_pb_row_inner][\/et_pb_column][et_pb_column type=&#8221;1_2&#8243; _builder_version=&#8221;4.16&#8243; custom_padding=&#8221;|||&#8221; global_colors_info=&#8221;{}&#8221; custom_padding__hover=&#8221;|||&#8221;][et_pb_image src=&#8221;http:\/\/thebonusawards.com\/wp-content\/uploads\/2023\/04\/Deutsche-Bonus-VIP-Award-1-min.jpg&#8221; title_text=&#8221;Deutsche-Bonus-VIP-Award-1-min&#8221; align_tablet=&#8221;center&#8221; align_phone=&#8221;&#8221; align_last_edited=&#8221;on|desktop&#8221; _builder_version=&#8221;4.20.2&#8243; max_width=&#8221;100%&#8221; custom_margin=&#8221;|||&#8221; custom_padding=&#8221;|||&#8221; animation_style=&#8221;slide&#8221; animation_direction=&#8221;bottom&#8221; animation_intensity_slide=&#8221;6%&#8221; animation_starting_opacity=&#8221;100%&#8221; global_colors_info=&#8221;{}&#8221;]<br \/>\n[\/et_pb_image][\/et_pb_column][\/et_pb_section][et_pb_section fb_built=&#8221;1&#8243; _builder_version=&#8221;4.18.0&#8243; _module_preset=&#8221;default&#8221; custom_padding=&#8221;||50px||false|false&#8221; global_colors_info=&#8221;{}&#8221;][et_pb_row custom_padding_last_edited=&#8221;on|phone&#8221; _builder_version=&#8221;4.16&#8243; _module_preset=&#8221;default&#8221; custom_padding=&#8221;77px||21px||false|false&#8221; custom_padding_tablet=&#8221;&#8221; custom_padding_phone=&#8221;0px||0px||false|false&#8221; global_colors_info=&#8221;{}&#8221;][et_pb_column type=&#8221;4_4&#8243; _builder_version=&#8221;4.16&#8243; _module_preset=&#8221;default&#8221; global_colors_info=&#8221;{}&#8221;][et_pb_text _builder_version=&#8221;4.20.2&#8243; _module_preset=&#8221;default&#8221; custom_padding=&#8221;||0px|||&#8221; header_font_size_tablet=&#8221;&#8221; header_font_size_phone=&#8221;28px&#8221; header_font_size_last_edited=&#8221;on|phone&#8221; global_colors_info=&#8221;{}&#8221;]<\/p>\n<h1 style=\"text-align: center;\">BONUS VIP AWARD JURY<\/h1>\n<p>[\/et_pb_text][\/et_pb_column][\/et_pb_row][et_pb_row column_structure=&#8221;1_2,1_2&#8243; _builder_version=&#8221;4.16&#8243; _module_preset=&#8221;default&#8221; custom_padding=&#8221;50px||||false|false&#8221; global_colors_info=&#8221;{}&#8221;][et_pb_column type=&#8221;1_2&#8243; _builder_version=&#8221;4.16&#8243; _module_preset=&#8221;default&#8221; global_colors_info=&#8221;{}&#8221;][et_pb_blurb title=&#8221;David D\u00f6bele&#8221; image=&#8221;http:\/\/thebonusawards.com\/wp-content\/uploads\/2024\/01\/David-1-min.png&#8221; alt=&#8221;David&#8221; _builder_version=&#8221;4.20.2&#8243; _module_preset=&#8221;default&#8221; body_font=&#8221;Open Sans||||||||&#8221; body_font_size=&#8221;16px&#8221; body_line_height=&#8221;1.8em&#8221; global_colors_info=&#8221;{}&#8221;]<\/p>\n<p>Als f\u00fchrender deutscher Influencer im Bereich Wirtschafts-Studium hat er die Karriereberatung pumpkincareers mitbegr\u00fcndet. Ihm folgen zehntausende Studenten und Young Professionals auf den sozialen Medien, um Tipps f\u00fcr den idealen Berufseinstieg und eine erfolgreiche Karriere zu erhalten. Er ist ein gefragter Experte f\u00fcr Zeitungen und Podcasts und Autor des SPIEGEL-Bestsellers NACH GANZ OBEN.<\/p>\n<p>[\/et_pb_blurb][\/et_pb_column][et_pb_column type=&#8221;1_2&#8243; _builder_version=&#8221;4.16&#8243; _module_preset=&#8221;default&#8221; global_colors_info=&#8221;{}&#8221;][et_pb_blurb title=&#8221;Miriam H\u00f6ller&#8221; url_new_window=&#8221;on&#8221; image=&#8221;http:\/\/thebonusawards.com\/wp-content\/uploads\/2024\/01\/Miriam-1-min.png&#8221; alt=&#8221;Miriam H\u00f6ller&#8221; _builder_version=&#8221;4.20.2&#8243; _module_preset=&#8221;default&#8221; body_font=&#8221;Open Sans||||||||&#8221; body_font_size=&#8221;16px&#8221; body_line_height=&#8221;1.8em&#8221; link_option_url_new_window=&#8221;on&#8221; global_colors_info=&#8221;{}&#8221;]<\/p>\n<p>Miriam H\u00f6ller, ist Unternehmerin, Speakerin und Ex-Stuntfrau. Ausgebildet in Schauspiel, Tanz und Stunts, erwarb sie internationale Lizenzen f\u00fcr Fallschirmspringen, Motorsport sowie AOWD-Tauchen und machte \u00e4sthetische Stunts zu ihrem Markenzeichen. Sie drehte zahllose Action- und Stuntszenen f\u00fcr Fernsehserien, Spielfilme und Dokumentationen und nahm 2010 an der f\u00fcnften Staffel von \u201eGermany\u2019s Next Top Model\u201c teil.<\/p>\n<p>&nbsp;<\/p>\n<p>[\/et_pb_blurb][\/et_pb_column][\/et_pb_row][et_pb_row column_structure=&#8221;1_2,1_2&#8243; _builder_version=&#8221;4.16&#8243; _module_preset=&#8221;default&#8221; custom_padding=&#8221;50px||||false|false&#8221; global_colors_info=&#8221;{}&#8221;][et_pb_column type=&#8221;1_2&#8243; _builder_version=&#8221;4.16&#8243; _module_preset=&#8221;default&#8221; global_colors_info=&#8221;{}&#8221;][et_pb_blurb title=&#8221;Matthias Killing&#8221; url_new_window=&#8221;on&#8221; image=&#8221;http:\/\/thebonusawards.com\/wp-content\/uploads\/2024\/01\/Matthias.jpg&#8221; alt=&#8221;Matthias Killing<br \/>\n&#8221; _builder_version=&#8221;4.20.2&#8243; _module_preset=&#8221;default&#8221; body_font=&#8221;Open Sans||||||||&#8221; body_font_size=&#8221;16px&#8221; body_line_height=&#8221;1.8em&#8221; link_option_url_new_window=&#8221;on&#8221; global_colors_info=&#8221;{}&#8221;]<\/p>\n<p>Seit dreizehn Jahren moderiert Matthias Killing erfolgreich das SAT.1 Fr\u00fchst\u00fccksfernsehen. Als Sportmoderator f\u00fchrt er durch sie SAT.1 und ProSieben Motorsportsendungen und Fu\u00dfballabende. Au\u00dferdem moderiert er Formate wie \u201cDie Akte\u201d  und \u201cThe Biggest Loser\u201d. Matthias Killing kommt viel in Deutschland und der Welt herum. Kein Wunder, dass er auch in der Welt von Punkten und Meilen zu Hause ist.<\/p>\n<p>&nbsp;<\/p>\n<p>[\/et_pb_blurb][\/et_pb_column][et_pb_column type=&#8221;1_2&#8243; _builder_version=&#8221;4.16&#8243; _module_preset=&#8221;default&#8221; global_colors_info=&#8221;{}&#8221;][et_pb_blurb title=&#8221;Jonas Moll&#8221; url_new_window=&#8221;on&#8221; image=&#8221;http:\/\/thebonusawards.com\/wp-content\/uploads\/2024\/01\/Jonas-1-min.png&#8221; alt=&#8221;Jonas Moll&#8221; _builder_version=&#8221;4.20.2&#8243; _module_preset=&#8221;default&#8221; body_font=&#8221;Open Sans||||||||&#8221; body_font_size=&#8221;16px&#8221; body_line_height=&#8221;1.8em&#8221; link_option_url_new_window=&#8221;on&#8221; global_colors_info=&#8221;{}&#8221;]<\/p>\n<div dir=\"ltr\" aria-hidden=\"true\">\n<div spellcheck=\"false\" class=\"input-box\">\n<div class=\"cell-input editable\" role=\"combobox\" contenteditable=\"true\" docs-unhandledkeys=\"meta+shift+z,meta+y,meta+z\" id=\"waffle-rich-text-editor\" dir=\"ltr\" g_editable=\"true\" aria-autocomplete=\"list\" aria-label=\"B26\" tabindex=\"0\">Content Creator mit einer Community von \u00fcber 2,2 Millionen Menschen auf Social Media. Er hat BWL mit den Schwerpunkten Finance, Marketing und Digitalisierung studiert, aber ein Auslandssemester in Hongkong hat sein Leben ver\u00e4ndert. Aus Family &amp; Friends wurden tausende Follower und aus asiatischen Abenteuern wuchs seine erste Social Media Agentur. Bei Social Attention bringt er sein Kanal spezifisches Know-How mit ein. Ob Instagram, Twitch oder eben TikTok. Auf seinen Reisen entdeckte er die Vorteile von Bonusprogrammen.<\/div>\n<\/div>\n<\/div>\n<div aria-hidden=\"true\"><\/div>\n<p>&nbsp;<\/p>\n<p>[\/et_pb_blurb][\/et_pb_column][\/et_pb_row][et_pb_row column_structure=&#8221;1_2,1_2&#8243; _builder_version=&#8221;4.16&#8243; _module_preset=&#8221;default&#8221; custom_padding=&#8221;50px||||false|false&#8221; global_colors_info=&#8221;{}&#8221;][et_pb_column type=&#8221;1_2&#8243; _builder_version=&#8221;4.16&#8243; _module_preset=&#8221;default&#8221; global_colors_info=&#8221;{}&#8221;][et_pb_blurb title=&#8221;Simon Neumann&#8221; url_new_window=&#8221;on&#8221; image=&#8221;http:\/\/thebonusawards.com\/wp-content\/uploads\/2024\/01\/Simon-1-min.png&#8221; alt=&#8221;Michael Quandt&#8221; _builder_version=&#8221;4.20.2&#8243; _module_preset=&#8221;default&#8221; body_font=&#8221;Open Sans||||||||&#8221; body_font_size=&#8221;16px&#8221; body_line_height=&#8221;1.8em&#8221; link_option_url_new_window=&#8221;on&#8221; global_colors_info=&#8221;{}&#8221;]<\/p>\n<p>Mehr als 1 Million Follower hat der \"FinanzNerd\" auf den bekannten Social-Media-Plattformen und versorgt diese fast t\u00e4glich mit Tipps und Tricks rund um die Themen Steuern, Finanzen und Geldanlage. Jeden Monat erreicht er dort mehr als 10 Mio. Menschen und ist mittlerweile regelm\u00e4\u00dfig gefragter Experte rund ums Thema Finanzen im TV und auch in den Print-Medien - Er verbindet damit Nutzer, Marken und Medien!<\/p>\n<p>&nbsp;<\/p>\n<p>[\/et_pb_blurb][\/et_pb_column][et_pb_column type=&#8221;1_2&#8243; _builder_version=&#8221;4.16&#8243; _module_preset=&#8221;default&#8221; global_colors_info=&#8221;{}&#8221;][et_pb_blurb title=&#8221;Rolf Schmiel&#8221; image=&#8221;http:\/\/thebonusawards.com\/wp-content\/uploads\/2024\/01\/Schmiel-1-min.png&#8221; alt=&#8221;Schmiel&#8221; _builder_version=&#8221;4.20.2&#8243; _module_preset=&#8221;default&#8221; body_font=&#8221;Open Sans||||||||&#8221; body_font_size=&#8221;16px&#8221; body_line_height=&#8221;1.8em&#8221; global_colors_info=&#8221;{}&#8221;]<\/p>\n<p>Rolf Schmiel ist Diplom-Psychologe und SPIEGEL-Bestsellerautor. Mit \u00fcber 300 TV-Auftritten, mehr als 500 Radiobeitr\u00e4gen und unz\u00e4hligen Print-Ver\u00f6ffentlichungen ist er \u201eeiner der bekanntesten Psychologen Deutschlands\u201c (WDR). Er liebt das Reisen und die Welt der Loyalty Programme.<\/p>\n<p>[\/et_pb_blurb][\/et_pb_column][\/et_pb_row][et_pb_row column_structure=&#8221;1_2,1_2&#8243; _builder_version=&#8221;4.20.2&#8243; _module_preset=&#8221;default&#8221; custom_padding=&#8221;50px||||false|false&#8221; global_colors_info=&#8221;{}&#8221;][et_pb_column type=&#8221;1_2&#8243; _builder_version=&#8221;4.16&#8243; _module_preset=&#8221;default&#8221; global_colors_info=&#8221;{}&#8221;][et_pb_blurb title=&#8221;Detlef Soost&#8221; url_new_window=&#8221;on&#8221; image=&#8221;http:\/\/thebonusawards.com\/wp-content\/uploads\/2024\/01\/Detlef.jpg&#8221; alt=&#8221;Detlef Soost&#8221; _builder_version=&#8221;4.20.2&#8243; _module_preset=&#8221;default&#8221; body_font=&#8221;Open Sans||||||||&#8221; body_font_size=&#8221;16px&#8221; body_line_height=&#8221;1.8em&#8221; link_option_url_new_window=&#8221;on&#8221; global_colors_info=&#8221;{}&#8221;]<\/p>\n<div dir=\"ltr\" aria-hidden=\"true\">\n<div spellcheck=\"false\" class=\"input-box\">\n<div class=\"cell-input editable\" role=\"combobox\" contenteditable=\"true\" docs-unhandledkeys=\"meta+shift+z,meta+y,meta+z\" id=\"waffle-rich-text-editor\" dir=\"ltr\" g_editable=\"true\" aria-autocomplete=\"list\" aria-label=\"B26\" tabindex=\"0\">Unternehmer, Moderator, Entertainer, Coach &amp; begeisterter Punkte- und Meilensammler. Gerade ist der Berliner in der SAT.1 Show \u201eDas gro\u00dfe Promibacken\u201c zu sehen. Seiner neuen Leidenschaft \nwidmet Detlef Soost auch das aktuelle Kochbuch \u201cSchlank mit Kuchen, Torten und Geb\u00e4ck\u201c.<br \/>Detlef Soost also dedicates the current cookery book &#8220;Schlank mit Kuchen, Torten und Geb\u00e4ck&#8221; to his new passion.<\/div>\n<\/div>\n<\/div>\n<div aria-hidden=\"true\"><\/div>\n<p>&nbsp;<\/p>\n<p>[\/et_pb_blurb][\/et_pb_column][et_pb_column type=&#8221;1_2&#8243; _builder_version=&#8221;4.16&#8243; _module_preset=&#8221;default&#8221; global_colors_info=&#8221;{}&#8221;][et_pb_blurb title=&#8221;Anastasia Zampounidis &#8221; url_new_window=&#8221;on&#8221; image=&#8221;http:\/\/thebonusawards.com\/wp-content\/uploads\/2024\/01\/Anastasia-1-min.png&#8221; alt=&#8221;Anastasia Zampounidis&#8221; _builder_version=&#8221;4.20.2&#8243; _module_preset=&#8221;default&#8221; body_font=&#8221;Open Sans||||||||&#8221; body_font_size=&#8221;16px&#8221; body_line_height=&#8221;1.8em&#8221; link_option_url_new_window=&#8221;on&#8221; global_colors_info=&#8221;{}&#8221;]<\/p>\n<div dir=\"ltr\" aria-hidden=\"true\">\n<div spellcheck=\"false\" class=\"input-box\">\n<div class=\"cell-input editable\" role=\"combobox\" contenteditable=\"true\" docs-unhandledkeys=\"meta+shift+z,meta+y,meta+z\" id=\"waffle-rich-text-editor\" dir=\"ltr\" g_editable=\"true\" aria-autocomplete=\"list\" aria-label=\"B26\" tabindex=\"0\">\n<p>Anastasia ist TV Moderatorin und mehrfache Spiegel Bestseller Autorin vor allem f\u00fcr zuckerfreie Ern\u00e4hrung. \nMit einer 20-j\u00e4hrigen TV Erfahrung u.a. bei MTV und ZDF teilt sie heute ihr Wissen \u00fcber einen gesunden Lifestyle als Speakerin, Podcasterin und veranstaltet jedes Jahr Retreats in ihrer 2. Heimat Griechenland.<\/p>\n<p>With 20 years of TV experience at MTV and ZDF, among others, she now shares her knowledge about a healthy lifestyle as a speaker, podcaster and organises annual retreats in her second home country, Greece.<\/p>\n<\/div>\n<\/div>\n<\/div>\n<div aria-hidden=\"true\"><\/div>\n<p>&nbsp;<\/p>\n<p>[\/et_pb_blurb][\/et_pb_column][\/et_pb_row][et_pb_row column_structure=&#8221;1_2,1_2&#8243; _builder_version=&#8221;4.20.2&#8243; _module_preset=&#8221;default&#8221; custom_padding=&#8221;50px||||false|false&#8221; global_colors_info=&#8221;{}&#8221;][et_pb_column type=&#8221;1_2&#8243; _builder_version=&#8221;4.16&#8243; _module_preset=&#8221;default&#8221; global_colors_info=&#8221;{}&#8221;][et_pb_blurb title=&#8221;Daniel Engelbarts&#8221; url_new_window=&#8221;on&#8221; image=&#8221;http:\/\/thebonusawards.com\/wp-content\/uploads\/2023\/04\/Daniel-Engelbarts-1-min.jpg&#8221; alt=&#8221;Detlef Soost&#8221; _builder_version=&#8221;4.20.2&#8243; _module_preset=&#8221;default&#8221; body_font=&#8221;Open Sans||||||||&#8221; body_font_size=&#8221;16px&#8221; body_line_height=&#8221;1.8em&#8221; link_option_url_new_window=&#8221;on&#8221; hover_enabled=&#8221;0&#8243; global_colors_info=&#8221;{}&#8221; sticky_enabled=&#8221;0&#8243; title_text=&#8221;Daniel-Engelbarts-1-min&#8221;]<\/p>\n<p>Angefangen als Spardetektiv bei BILD &amp; BILD.de, gr\u00fcndete er im August 2008 das Schn\u00e4ppchenportal Sparwelt.de und etablierte es erfolgreich als Marktf\u00fchrer im Internet. Sein j\u00fcngstes Projekt ist ein kostenloser Wechselservice f\u00fcr Strom und Gas namens <a href=\"https:\/\/www.remind.me\/\">remind.me<\/a>. Seit Ende 2016 ist Daniel Engelbarts regelm\u00e4\u00dfig als Spardetektiv f\u00fcr das SAT.1 Fr\u00fchst\u00fccksfernsehen unterwegs, um die besten Angebote f\u00fcr die Zuschauer aufzusp\u00fcren.<\/p>\n<p>[\/et_pb_blurb][\/et_pb_column][et_pb_column type=&#8221;1_2&#8243; _builder_version=&#8221;4.16&#8243; _module_preset=&#8221;default&#8221; global_colors_info=&#8221;{}&#8221;][\/et_pb_column][\/et_pb_row][\/et_pb_section]<\/p>","protected":false},"excerpt":{"rendered":"<p>GERMAN BONUS VIP AWARDTHE VOICE OF THE INFLUENCERHot or Not. For the second time, the German Bonus Awards honor the hippest programs. A jury of well-known TV personalities, artists, athletes and influencers selects the trendiest newcomers.AWARD MAIN CATEGORY Trendiest program of the year BONUS VIP AWARD JURYAs a leading German influencer in the field of [&hellip;]<\/p>","protected":false},"author":2,"featured_media":0,"parent":0,"menu_order":0,"comment_status":"closed","ping_status":"closed","template":"","meta":{"_et_pb_use_builder":"on","_et_pb_old_content":"","_et_gb_content_width":"","content-type":"","footnotes":""},"dipi_cpt_category":[],"_links":{"self":[{"href":"https:\/\/thebonusawards.com\/de\/wp-json\/wp\/v2\/pages\/256"}],"collection":[{"href":"https:\/\/thebonusawards.com\/de\/wp-json\/wp\/v2\/pages"}],"about":[{"href":"https:\/\/thebonusawards.com\/de\/wp-json\/wp\/v2\/types\/page"}],"author":[{"embeddable":true,"href":"https:\/\/thebonusawards.com\/de\/wp-json\/wp\/v2\/users\/2"}],"replies":[{"embeddable":true,"href":"https:\/\/thebonusawards.com\/de\/wp-json\/wp\/v2\/comments?post=256"}],"version-history":[{"count":23,"href":"https:\/\/thebonusawards.com\/de\/wp-json\/wp\/v2\/pages\/256\/revisions"}],"predecessor-version":[{"id":26398,"href":"https:\/\/thebonusawards.com\/de\/wp-json\/wp\/v2\/pages\/256\/revisions\/26398"}],"wp:attachment":[{"href":"https:\/\/thebonusawards.com\/de\/wp-json\/wp\/v2\/media?parent=256"}],"wp:term":[{"taxonomy":"dipi_cpt_category","embeddable":true,"href":"https:\/\/thebonusawards.com\/de\/wp-json\/wp\/v2\/dipi_cpt_category?post=256"}],"curies":[{"name":"wp","href":"https:\/\/api.w.org\/{rel}","templated":true}]}}