{"id":3,"date":"2023-05-30T12:47:55","date_gmt":"2023-05-30T11:47:55","guid":{"rendered":"http:\/\/thebonusawards.com\/?page_id=3"},"modified":"2025-02-04T09:41:43","modified_gmt":"2025-02-04T09:41:43","slug":"privacy-policy","status":"publish","type":"page","link":"https:\/\/thebonusawards.com\/de\/privacy-policy\/","title":{"rendered":"Datenschutz"},"content":{"rendered":"<p>[et_pb_section fb_built=&#8221;1&#8243; admin_label=&#8221;section&#8221; _builder_version=&#8221;4.16&#8243; global_colors_info=&#8221;{}&#8221;][et_pb_row admin_label=&#8221;row&#8221; _builder_version=&#8221;4.16&#8243; background_size=&#8221;initial&#8221; background_position=&#8221;top_left&#8221; background_repeat=&#8221;repeat&#8221; global_colors_info=&#8221;{}&#8221;][et_pb_column type=&#8221;4_4&#8243; _builder_version=&#8221;4.16&#8243; custom_padding=&#8221;|||&#8221; global_colors_info=&#8221;{}&#8221; custom_padding__hover=&#8221;|||&#8221;][et_pb_text admin_label=&#8221;Text&#8221; _builder_version=&#8221;4.16&#8243; background_size=&#8221;initial&#8221; background_position=&#8221;top_left&#8221; background_repeat=&#8221;repeat&#8221; global_colors_info=&#8221;{}&#8221;]<!-- divi:heading --><\/p>\n<div class=\"et_pb_module et_pb_text et_pb_text_0  et_pb_text_align_left et_pb_bg_layout_light\">\n<div class=\"et_pb_text_inner\">\n<h1 class=\"entry-title td-page-title\">Datenschutz<\/h1>\n<\/div>\n<\/div>\n<div class=\"et_pb_module et_pb_text et_pb_text_1  et_pb_text_align_left et_pb_bg_layout_light\">\n<div class=\"et_pb_text_inner\">\n<ol><\/ol>\n<p><strong><strong style=\"font-size: 18px;\">1. Pr\u00e4ambel<\/strong><\/strong><\/p>\n<p>Im Folgenden informiere ich Sie dar\u00fcber, welche personenbezogenen Daten im Zusammenhang mit der Nutzung dieser Website erhoben werden und zu welchem Zweck. Personenbezogene Daten sind alle Daten, die auf Sie pers\u00f6nlich beziehbar sind, z.B. Name, Adresse, E- Mail-Adressen.<\/p>\n<p><strong><strong style=\"font-size: 18px;\">2. Name und Kontaktdaten des f\u00fcr die Verarbeitung Verantwortlichen sowie des betrieblichen Datenschutzbeauftragten<\/strong><\/strong><\/p>\n<p>Diese Datenschutz-Information gilt f\u00fcr die Datenverarbeitung durch:<\/p>\n<p><strong>Verantwortlicher:<\/strong><\/p>\n<p>Ulf-Gunnar Switalski<\/p>\n<p>Friends &amp; Sons LLC<br \/>Sharjah Media City<br \/>Sharjah, UAE<\/p>\n<p>Formation No. 2323887<\/p>\n<p>Mail: <a href=\"mailto:ulf.switalski@thebonusawards.com\">ulf.switalski@thebonusawards.com<\/a><\/p>\n<p><strong style=\"font-size: 18px;\"><\/strong><\/p>\n<p><strong style=\"font-size: 18px;\">3<\/strong><span style=\"font-size: 18px;\">. <strong>Erhebung und Speicherung personenbezogener Daten sowie Art und Zweck von deren Verwendung<\/strong><\/span><\/p>\n<p><strong style=\"font-size: 18px;\">a) Besuch der Website<\/strong><\/p>\n<p>Der Besuch dieser Website ist grunds\u00e4tzlich ohne Angabe personenbezogener Daten m\u00f6glich.<\/p>\n<p>Beim Aufrufen der Website werden durch den auf Ihrem Endger\u00e4t zum Einsatz kommenden Browser jedoch automatisch Informationen an den Server dieser Website gesendet. Diese Informationen werden tempor\u00e4r in einem sogenannten Logfile gespeichert. Folgende Informationen werden dabei ohne Ihr Zutun erfasst und bis zur automatisierten L\u00f6schung gespeichert:<\/p>\n<ul>\n<li>IP-Adresse des angefragten Rechners<\/li>\n<li>Datum und Uhrzeit der Serveranfrage<\/li>\n<li>Name und URL der abgerufenen Datei<\/li>\n<li>Website, von der aus der Zugriff erfolgt (Referrer-URL)<\/li>\n<li>Verwendeter Browser und ggf. das Betriebssystem Ihres Rechners sowie der Name Ihres Access-Providers.<\/li>\n<\/ul>\n<p>Die genannten Daten werden durch mich zu folgenden Zwecken verarbeitet:<\/p>\n<ul>\n<li>Gew\u00e4hrleistung eines reibungslosen Verbindungsaufbaus der Website<\/li>\n<li>Gew\u00e4hrleistung einer komfortablen Nutzung der Website<\/li>\n<li>Auswertung der Systemsicherheit und -stabilit\u00e4t<\/li>\n<li>Verbesserung meines Angebotes.<\/li>\n<\/ul>\n<p>Die Rechtsgrundlage f\u00fcr die Datenverarbeitung ist Art. 6 Abs. 1 S. 1 lit. f DSGVO. Mein berechtigtes Interesse folgt aus oben aufgelisteten Zwecken zur Datenverarbeitung. In keinem Fall verwenden wir die erhobenen Daten zu dem Zweck, R\u00fcckschl\u00fcsse auf Ihre Person zu ziehen.<\/p>\n<p>Dar\u00fcber hinaus setzen wir beim Besuch unserer Website Cookies sowie Analysedienste ein. N\u00e4here Erl\u00e4uterungen dazu erhalten Sie unter der Ziffern 5 dieser Datenschutzerkl\u00e4rung.<\/p>\n<p><strong style=\"font-size: 18px;\">b) Participation in campaigns around The Bonus Awards<br \/><\/strong><\/p>\n<p><strong>(1) Teilnahme an Voting und Umfrage <\/strong><\/p>\n<p>F\u00fcr die Teilnahme am Voting ist die Angabe personenbezogener Daten, insbesondere eine Registrierung nicht erforderlich.<\/p>\n<p>Die Daten, die Sie mir im Rahmen Ihres Votings mitteilen, werden von mir ausschlie\u00dflich zur Ermittlung der Bonus-Award-Sieger ausgewertet.<\/p>\n<p>Die Daten, die Sie mir dar\u00fcber hinaus im Rahmen der Umfrage mitteilen, werte ich ausschlie\u00dflich zu statistischen Zwecken aus, um mein Angebot f\u00fcr Sie zu verbessern und eine Studie zur Nutzung von Bonusprogrammen zu erstellen.<\/p>\n<p>F\u00fcr die Erstellung, die technische Umsetzung sowie zur Auswertung des Votings und der Umfrage nutze ich die Dienste des Anbieters Lamapoll, ein Produkt der Lamano GmbH &amp; Co. KG, Frankfurter Allee 69 in 10247 Berlin, Deutschland (im Folgenden \u201eLamapoll\u201c). Sie werden durch Ihre freiwillige Teilnahme an dem Voting und der Umfrage bzw. durch Anklicken des \u201eAbstimmen + Gewinnen\u201c Buttons direkt an Lamapoll weitergeleitet, welche Ihre \u00fcberlassenen Daten unter Einhaltung der erforderlichen Ma\u00dfnahmen zum Datenschutz sowie zur Datensicherheit f\u00fcr uns verarbeiten.<\/p>\n<p>Durch die Verwendung der Dienste von Lamapoll werden im Einzelfall freiwillig anzugebende personenbezogenen Daten durch Lamapoll erhoben und verarbeitet. Lamapoll ist f\u00fcr mich im Rahmen einer Auftragsverarbeitung gem. Art. 28 DSGVO als Dienstleister t\u00e4tig. Lamapoll verwendet die erhobenen Daten ausschlie\u00dflich zu dem hier angegebenen Zweck, in meinem Auftrag. Eine weitere Nutzung der Daten durch Lamapoll sowie eine Weitergabe an Dritte erfolgt nicht. Eine Speicherung der von Lamapoll erhobenen Daten zusammen mit anderen personenbezogenen Daten des Teilnehmers des Votings oder der Umfrage findet nicht statt.<\/p>\n<p>Weitere Informationen zur Verarbeitung von Daten durch Lamapoll finden Sie unter: <a href=\"https:\/\/www.lamapoll.de\/Datenschutz-Sicherheit\"><span style=\"color: #c8b17a;\">https:\/\/www.lamapoll.de\/Datenschutz-Sicherheit<\/span><\/a> sowie f\u00fcr die Nutzung des Umfrage Tools unter <a href=\"https:\/\/www.lamapoll.de\/cms\/files\/files\/Datenschutzerkl\u00e4rung%20-%20Umfrage-Tool.pdf\"><span style=\"color: #c8b17a;\">https:\/\/www.lamapoll.de\/cms\/files\/files\/Datenschutzerkl\u00e4rung%20-%20Umfrage-Tool.pdf<\/span>.<\/a><\/p>\n<p>Die Teilnahme am Voting und an der Umfrage ist freiwillig. Mit Ihrer Teilnahme erteilen Sie mir Ihre Einwilligung zur Verarbeitung Ihrer personenbezogenen Daten bzw. durch Lamapoll nach Art. 6 Abs. 1 lit. a DSGVO.<\/p>\n<p>Diese Daten werden lediglich f\u00fcr die Dauer des Votings und der Auswertung 6 Monate gespeichert. Danach werden die Daten gel\u00f6scht.<\/p>\n<p>Sie haben jederzeit die M\u00f6glichkeit Ihre Einwilligung zur Verarbeitung der personenbezogenen Daten im Rahmen der Feedback-Umfrage zu widerrufen bzw. Ihre angegebenen Daten zu l\u00f6schen. Die Abmeldung ist jederzeit m\u00f6glich. Sie kann per E-Mail <a href=\"mailto:ulf.switalski@thebonusawards.com\">(<span style=\"color: #c8b17a;\">ulf.switalski@thebonusawards.com<\/span>)<\/a> an uns erfolgen. Eine nachtr\u00e4gliche Korrektur einzelner Antworten nach Absenden der Umfrage ist nicht m\u00f6glich.<\/p>\n<p><strong>(2) Gewinnspiel-Teilnahme<\/strong><\/p>\n<p>F\u00fcr die Teilnahme an einem auf dieser Website veranstalteten Gewinnspiel ist die Verarbeitung bestimmter personenbezogener Daten zum Zwecke einer etwaigen Gewinnbenachrichtigung und -\u00fcbermittlung sowie zu Ihrer Identifizierung notwendig.<\/p>\n<p>F\u00fcr Ihre Teilnahme hieran ben\u00f6tige ich zun\u00e4chst lediglich Ihre E-Mail-Adresse.<\/p>\n<p>Ihre Kontaktdaten (Name und Adresse) ben\u00f6tige ich erst nach der Gewinnermittlung und nur f\u00fcr den Fall, dass Sie als Gewinner ermittelt wurden, um Ihnen den Gewinn zusenden zu k\u00f6nnen.<\/p>\n<p>Je nach Art des Gewinns kann auch die Angabe anderer bzw. weiterer Daten (z.B. Ihre Mitgliedsnummer beim Gewinn von Bonus-Punkten bei dem betreffenden Bonus-Programm) erforderlich sein.  Diese weiteren Daten erfrage ich, indem ich Sie per E-Mail \u00fcber die von Ihnen angegebene E-Mail-Adresse anschreibe. Sie sind nicht dazu verpflichtet, mir diese weiteren Daten mitzuteilen. F\u00fcr den Fall, dass Sie mir diese weiteren Daten nicht mitteilen sollten, kann ich Ihnen den Gewinn jedoch m\u00f6glicherweise nicht \u00fcbermitteln.<\/p>\n<p>Ihre personenbezogenen Daten werden von mir zum Zwecke der Durchf\u00fchrung des Gewinnspiels auf Grundlage von Art. 6 Abs. 1 S. 1 lit. b DSGVO verarbeitet.<\/p>\n<p>Die Gewinnspiele f\u00fchre ich zusammen mit Kooperationspartnern durch. Im Einzelfall kann es erforderlich sein, dass ich bestimmte Daten zwecks Gewinneinl\u00f6sung an den f\u00fcr die Gewinneinl\u00f6sung konkret verantwortlichen Kooperationspartner weiterleite. So ist f\u00fcr die Einl\u00f6sung gewonnener Bonuspunkte beispielsweise erforderlich, dass dem Anbieter des betreffenden Bonus-Programms die Bonus-Programm-Mitgliedsnummer des Gewinners mitgeteilt wird. Dieser Kooperationspartner wird Ihnen schon vor einer entsprechenden Daten\u00fcbermittlung, im Rahmen Ihrer Gewinnbenachrichtigung mitgeteilt. Eine dr\u00fcber hinausgehende Weitergabe Ihrer personenbezogenen Daten an Dritte oder eine Nutzung der Daten zu Werbezwecken (z.B. zum Versand von Newslettern) erfolgt nur, sofern dies zur Durchf\u00fchrung des Gewinnspiels erforderlich ist oder Sie hierzu zuvor ihre ausdr\u00fcckliche Einwilligung erteilt haben.<\/p>\n<p>Wenn Sie im Rahmen des Gewinnspiels einen Newsletter von uns abonnieren, beachten Sie bitte unsere Datenschutzhinweise zu unserem Newsletter-Versand in dieser Erkl\u00e4rung.<\/p>\n<p>Ihre personenbezogenen Daten l\u00f6schen wird automatisch, nachdem das Gewinnspiel beendet ist, es sei denn, dass Sie uns eine \u00fcber den Zweck der Gewinnspieldurchf\u00fchrung hinausgehende Einwilligung zur Verarbeitung Ihrer Daten erteilt haben oder gesetzliche Regelung der L\u00f6schung entgegenstehen.<strong style=\"font-size: 18px;\"><\/strong><\/p>\n<p><strong>(3) Subscription to the newsletter<br \/><\/strong><\/p>\n<p>With your consent, you can subscribe to my newsletter, which I use to inform you about bonus programmes, cashback and travel offers.<\/p>\n<p>The newsletter is sent using \u201cBrevo\u201d, a newsletter software from the German provider Sendinblue GmbH, K\u00f6penicker Stra\u00dfe 126, 10179 Berlin<\/p>\n<p>(hereinafter referred to as \u201cBrevo\u201d).<\/p>\n<p>The data processing is carried out on my behalf on the basis of an order processing contract that I have concluded with Brevo. In this contract, Brevo undertakes to protect my users\u2019 data, to process it only on our behalf and, in particular, not to pass it on to third parties. Brevo undertakes to comply with EU data protection regulations.<\/p>\n<p>I use the so-called double opt-in procedure to subscribe to my newsletter. This means that after you have registered, I send an e-mail to the e-mail address you have provided asking you to confirm that you wish to receive the newsletter. This confirmation is necessary to ensure that no-one can register with other people\u2019s e-mail addresses. Registration for the newsletter is logged in order to be able to prove the registration process in accordance with legal requirements. This includes storing the time of registration and confirmation as well as the IP address. Changes to your data stored by Brevo are also logged. If you do not confirm your registration within 4 weeks, your information will be blocked and deleted after one month.<\/p>\n<p>I only need your e-mail address to send you the newsletter. After your confirmation, I will save your e-mail address for the purpose of sending you the newsletter.<\/p>\n<p>The email addresses of my newsletter subscribers, as well as their other data described in this notice, are stored on Brevo\u2019s servers in the EU.<\/p>\n<p>Information on data protection and compliance with the GDPR at Brevo can be found here. The legal basis is Art. 6 para. 1 sentence 1 lit. a GDPR.<\/p>\n<p>You can revoke your consent to the sending of the newsletter at any time and unsubscribe from the newsletter. You can declare your cancellation by clicking on the link provided in every newsletter email or by sending a message to the contact details given in the legal notice.<\/p>\n<p>I would like to point out that after the newsletter has been sent, your user behaviour with regard to my newsletter will be evaluated by me. With Brevo, I have the option of linking your personal data with so-called SmartTags. When you register, you will automatically receive a tag with the name of the relevant registration form. In addition, Brevo automatically sets the tags \u201cemail received\u201d, \u201cemail opened\u201d, \u201cemail clicked\u201d and \u201cemail viewed in browser\u201d. This processing is also based on your consent. The legal basis is Art. 6 para. 1 sentence 1 lit. a GDPR.<\/p>\n<p>If you do not wish to be analysed, you must unsubscribe from the newsletter or revoke your consent (see above).<\/p>\n<p>The data you have provided to me for the purpose of subscribing to the newsletter will be stored by me until you unsubscribe from the newsletter and deleted after you unsubscribe from the newsletter.<\/p>\n<p><strong style=\"font-size: 18px;\">4. Weitergabe von Daten<\/strong><\/p>\n<p>Eine \u00dcbermittlung Ihrer personenbezogenen Daten an Dritte zu anderen als den hier ausdr\u00fccklich genannten Zwecken findet nicht statt.<strong style=\"font-size: 18px;\"><\/strong><\/p>\n<p><strong style=\"font-size: 18px;\">5. Cookies<\/strong><\/p>\n<p>Ich setze auf dieser Website Cookies ein. Hierbei handelt es sich um kleine Textdateien, die Ihr Browser automatisch erstellt und die auf Ihrem Endger\u00e4t (Laptop, Tablet, Smartphone o.\u00e4.) gespeichert werden, wenn Sie meine Website besuchen.<\/p>\n<p>In dem Cookie werden Informationen abgelegt, die sich jeweils im Zusammenhang mit dem spezifisch eingesetzten Endger\u00e4t ergeben. Dies bedeutet jedoch nicht, dass ich dadurch unmittelbar Kenntnis von Ihrer Identit\u00e4t erhalte.<\/p>\n<p>Der Einsatz beschr\u00e4nkt sich auf technisch notwendige Cookies. Ohne diese Cookies kann meine Website nicht (vollst\u00e4ndig korrekt) angezeigt werden. Dabei handelt es sich grunds\u00e4tzlich um transiente Cookies, die nach Ende Ihres Website-Besuchs, sp\u00e4testens bei Schlie\u00dfen Ihres Browsers, gel\u00f6scht werden. Diese Cookies k\u00f6nnen Sie nicht abw\u00e4hlen, wenn Sie meine Website nutzen m\u00f6chten. Die einzelnen Cookies sind im Consent-Manager ersichtlich.<\/p>\n<p>Rechtsgrundlage dieser Verarbeitung ist Art. 6 Abs. 1 S. 1 lit. a DSGVO.<\/p>\n<p><strong style=\"font-size: 18px;\">6. Ihre Rechte<\/strong><strong style=\"font-size: 18px;\"><\/strong><\/p>\n<p><strong style=\"font-size: 18px;\">a) Auskunft, Berichtigung, L\u00f6schung, Einschr\u00e4nkung der Verarbeitung, Daten\u00fcbertragbarkeit, Widerruf, Beschwerde<\/strong><\/p>\n<p>Sie haben das Recht:<\/p>\n<ul>\n<li>Gem\u00e4\u00df Art. 15 DSGVO Auskunft \u00fcber Ihre von mir verarbeiteten personenbezogenen Daten zu verlangen. Insbesondere k\u00f6nnen Sie Auskunft \u00fcber die Verarbeitungszwecke, die Kategorien der personenbezogenen Daten, die Kategorien von Empf\u00e4ngern, gegen\u00fcber denen Ihre Daten offengelegt wurden oder werden, die geplante Speicherdauer, das Bestehen eines rechts auf Berichtigung, L\u00f6schung, Einschr\u00e4nkung der Verarbeitung oder Widerspruch, das Bestehe eines Beschwerderechts, die Herkunft Ihrer Daten, sofern diese nicht bei uns erhoben wurden, sowie \u00fcber das Bestehen einer automatisierten Entscheidungsfindung einschlie\u00dflich Profiling und ggf. aussagekr\u00e4ftige Informationen zu deren Einzelheiten verlangen;<\/li>\n<li>gem\u00e4\u00df Art. 16 DSGVO unverz\u00fcglich die Berichtigung unrichtiger oder Vervollst\u00e4ndigung Ihrer bei mir gespeicherten personenbezogenen Daten verlangen;<\/li>\n<li>gem\u00e4\u00df Art. 17 DSGVO die L\u00f6schung Ihrer bei mir gespeicherten personenbezogenen Daten zu verlangen, soweit nicht die Verarbeitung zur Aus\u00fcbung des Rechts auf freie Meinungs\u00e4u\u00dferung und Information, zur Erf\u00fcllung einer rechtlichen Verpflichtung, aus Gr\u00fcnden des \u00f6ffentlichen Interesses oder zur Geltendmachung, Aus\u00fcbung oder Verteidigung von Rechtsanspr\u00fcchen erforderlich ist;<\/li>\n<li>gem\u00e4\u00df Art. 18 DSGVO die Einschr\u00e4nkung der Verarbeitung Ihrer personenbezogenen Daten zu verlangen, soweit die Richtigkeit der Daten von Ihnen bestritten wird, die Verarbeitung unrechtm\u00e4\u00dfig ist, Sie aber deren L\u00f6schung ablehnen und ich die Daten nicht mehr ben\u00f6tige, Sie diese jedoch zur Geltendmachung, Aus\u00fcbung oder Verteidigung von Rechtsanspr\u00fcchen ben\u00f6tigen oder Sie gem\u00e4\u00df Art. 21 DSGVO Widerspruch gegen die Verarbeitung eingelegt haben;<\/li>\n<li>gem\u00e4\u00df Art. 20 DSGVO Ihre personenbezogenen Daten, die Sie bereitgestellt haben, in einem strukturierten, g\u00e4ngigen und maschinenlesbaren Format zu erhalten oder die \u00dcbermittlung an einen anderen Verantwortlichen zu verlangen;<\/li>\n<li>gem\u00e4\u00df Art. 7 Abs. 3 DSGVO Ihre einmal erteilte Einwilligung jederzeit mir gegen\u00fcber zu widerrufen. Dies hat zur Folge, dass ich die Datenverarbeitung, die auf dieser Einwilligung beruhte, f\u00fcr die Zukunft nicht mehr fortf\u00fchren darf und<\/li>\n<li>gem\u00e4\u00df Art. 77 DSGVO sich bei einer Aufsichtsbeh\u00f6rde zu beschweren. In der Regel k\u00f6nnen Sie sich hierf\u00fcr an die Aufsichtsbeh\u00f6rde Ihres \u00fcblichen Aufenthaltsortes oder Arbeitsplatzes oder unserer Niederlassung wenden.<\/li>\n<\/ul>\n<p><strong style=\"font-size: 18px;\">b)<span style=\"font-size: 18px;\">\u00a0<\/span>Widerspruchsrecht<\/strong><\/p>\n<p>Sofern ihre personenbezogenen Daten auf Grundlage von berechtigten Interessen gem. Art. 6 Abs. 1 S. 1 lit. f DSGVO verarbeitet werden, haben Sie das Recht, gem\u00e4\u00df Art. 21 DSGVO Widerspruch gegen die Verarbeitung Ihrer personenbezogenen Daten einzulegen, soweit daf\u00fcr Gr\u00fcnde vorliegen, die sich aus Ihrer besonderen Situation ergeben oder sich der Widerspruch gegen Direktwerbung richtet. Im letzteren Fall haben Sie ein generelles Widerspruchsrecht, das ohne Angabe einer besonderen Situation von mir umgesetzt wird.<\/p>\n<p>M\u00f6chten Sie von Ihrem Widerspruchsrecht Gebrauch machen, gen\u00fcgt eine E-Mail an:<\/p>\n<p><a href=\"mailto:info@deutschebonusawards.de\">ulf.switalski@thebonusawards.com<\/a><\/p>\n<p><strong><strong style=\"font-size: 18px;\">7 . Aktualit\u00e4t und \u00c4nderung dieser Datenschutzerkl\u00e4rung<\/strong><\/strong><strong><\/strong><\/p>\n<p>Diese Datenschutzerkl\u00e4rung ist aktuell g\u00fcltig und hat den Stand Januar 2023.<\/p>\n<p>Durch die Weiterentwicklung unserer Website und Angebote dar\u00fcber oder aufgrund ge\u00e4nderter gesetzlicher bzw. beh\u00f6rdlicher Vorgaben kann es notwendig werden, diese Datenschutzerkl\u00e4rung zu \u00e4ndern.<\/p>\n<\/div>\n<\/div>\n<p><!-- \/divi:paragraph -->[\/et_pb_text][\/et_pb_column][\/et_pb_row][\/et_pb_section]<\/p>","protected":false},"excerpt":{"rendered":"<p>Privacy Policy 1. Preamble In the following, I inform you which personal data is collected in connection with the use of this website and for what purpose. Personal data is all data that can be related to you personally, e.g. name, address, e-mail addresses. 2. Name and contact details of the data controller and the [&hellip;]<\/p>","protected":false},"author":1,"featured_media":0,"parent":0,"menu_order":0,"comment_status":"closed","ping_status":"open","template":"","meta":{"_et_pb_use_builder":"on","_et_pb_old_content":"<!-- wp:heading --><h2>Who we are<\/h2><!-- \/wp:heading --><!-- wp:paragraph --><p><strong class=\"privacy-policy-tutorial\">Suggested text: <\/strong>Our website address is: http:\/\/thebonusawards.com.<\/p><!-- \/wp:paragraph --><!-- wp:heading --><h2>Comments<\/h2><!-- \/wp:heading --><!-- wp:paragraph --><p><strong class=\"privacy-policy-tutorial\">Suggested text: <\/strong>When visitors leave comments on the site we collect the data shown in the comments form, and also the visitor&#8217;s IP address and browser user agent string to help spam detection.<\/p><!-- \/wp:paragraph --><!-- wp:paragraph --><p>An anonymised string created from your email address (also called a hash) may be provided to the Gravatar service to see if you are using it. The Gravatar service Privacy Policy is available here: https:\/\/automattic.com\/privacy\/. After approval of your comment, your profile picture is visible to the public in the context of your comment.<\/p><!-- \/wp:paragraph --><!-- wp:heading --><h2>Media<\/h2><!-- \/wp:heading --><!-- wp:paragraph --><p><strong class=\"privacy-policy-tutorial\">Suggested text: <\/strong>If you upload images to the website, you should avoid uploading images with embedded location data (EXIF GPS) included. Visitors to the website can download and extract any location data from images on the website.<\/p><!-- \/wp:paragraph --><!-- wp:heading --><h2>Cookies<\/h2><!-- \/wp:heading --><!-- wp:paragraph --><p><strong class=\"privacy-policy-tutorial\">Suggested text: <\/strong>If you leave a comment on our site you may opt in to saving your name, email address and website in cookies. These are for your convenience so that you do not have to fill in your details again when you leave another comment. These cookies will last for one year.<\/p><!-- \/wp:paragraph --><!-- wp:paragraph --><p>If you visit our login page, we will set a temporary cookie to determine if your browser accepts cookies. This cookie contains no personal data and is discarded when you close your browser.<\/p><!-- \/wp:paragraph --><!-- wp:paragraph --><p>When you log in, we will also set up several cookies to save your login information and your screen display choices. Login cookies last for two days, and screen options cookies last for a year. If you select &quot;Remember Me&quot;, your login will persist for two weeks. If you log out of your account, the login cookies will be removed.<\/p><!-- \/wp:paragraph --><!-- wp:paragraph --><p>If you edit or publish an article, an additional cookie will be saved in your browser. This cookie includes no personal data and simply indicates the post ID of the article you just edited. It expires after 1 day.<\/p><!-- \/wp:paragraph --><!-- wp:heading --><h2>Embedded content from other websites<\/h2><!-- \/wp:heading --><!-- wp:paragraph --><p><strong class=\"privacy-policy-tutorial\">Suggested text: <\/strong>Articles on this site may include embedded content (e.g. videos, images, articles, etc.). Embedded content from other websites behaves in the exact same way as if the visitor has visited the other website.<\/p><!-- \/wp:paragraph --><!-- wp:paragraph --><p>These websites may collect data about you, use cookies, embed additional third-party tracking, and monitor your interaction with that embedded content, including tracking your interaction with the embedded content if you have an account and are logged in to that website.<\/p><!-- \/wp:paragraph --><!-- wp:heading --><h2>Who we share your data with<\/h2><!-- \/wp:heading --><!-- wp:paragraph --><p><strong class=\"privacy-policy-tutorial\">Suggested text: <\/strong>If you request a password reset, your IP address will be included in the reset email.<\/p><!-- \/wp:paragraph --><!-- wp:heading --><h2>How long we retain your data<\/h2><!-- \/wp:heading --><!-- wp:paragraph --><p><strong class=\"privacy-policy-tutorial\">Suggested text: <\/strong>If you leave a comment, the comment and its metadata are retained indefinitely. This is so we can recognise and approve any follow-up comments automatically instead of holding them in a moderation queue.<\/p><!-- \/wp:paragraph --><!-- wp:paragraph --><p>For users that register on our website (if any), we also store the personal information they provide in their user profile. All users can see, edit, or delete their personal information at any time (except they cannot change their username). Website administrators can also see and edit that information.<\/p><!-- \/wp:paragraph --><!-- wp:heading --><h2>What rights you have over your data<\/h2><!-- \/wp:heading --><!-- wp:paragraph --><p><strong class=\"privacy-policy-tutorial\">Suggested text: <\/strong>If you have an account on this site, or have left comments, you can request to receive an exported file of the personal data we hold about you, including any data you have provided to us. You can also request that we erase any personal data we hold about you. This does not include any data we are obliged to keep for administrative, legal, or security purposes.<\/p><!-- \/wp:paragraph --><!-- wp:heading --><h2>Where your data is sent<\/h2><!-- \/wp:heading --><!-- wp:paragraph --><p><strong class=\"privacy-policy-tutorial\">Suggested text: <\/strong>Visitor comments may be checked through an automated spam detection service.<\/p><!-- \/wp:paragraph -->","_et_gb_content_width":"","content-type":"","footnotes":""},"dipi_cpt_category":[],"_links":{"self":[{"href":"https:\/\/thebonusawards.com\/de\/wp-json\/wp\/v2\/pages\/3"}],"collection":[{"href":"https:\/\/thebonusawards.com\/de\/wp-json\/wp\/v2\/pages"}],"about":[{"href":"https:\/\/thebonusawards.com\/de\/wp-json\/wp\/v2\/types\/page"}],"author":[{"embeddable":true,"href":"https:\/\/thebonusawards.com\/de\/wp-json\/wp\/v2\/users\/1"}],"replies":[{"embeddable":true,"href":"https:\/\/thebonusawards.com\/de\/wp-json\/wp\/v2\/comments?post=3"}],"version-history":[{"count":12,"href":"https:\/\/thebonusawards.com\/de\/wp-json\/wp\/v2\/pages\/3\/revisions"}],"predecessor-version":[{"id":26140,"href":"https:\/\/thebonusawards.com\/de\/wp-json\/wp\/v2\/pages\/3\/revisions\/26140"}],"wp:attachment":[{"href":"https:\/\/thebonusawards.com\/de\/wp-json\/wp\/v2\/media?parent=3"}],"wp:term":[{"taxonomy":"dipi_cpt_category","embeddable":true,"href":"https:\/\/thebonusawards.com\/de\/wp-json\/wp\/v2\/dipi_cpt_category?post=3"}],"curies":[{"name":"wp","href":"https:\/\/api.w.org\/{rel}","templated":true}]}}